{"id":93,"date":"2024-08-07T20:21:53","date_gmt":"2024-08-07T17:21:53","guid":{"rendered":"http:\/\/majoristanbul.com\/index.php\/orkestra\/"},"modified":"2024-08-07T20:21:59","modified_gmt":"2024-08-07T17:21:59","slug":"orkestra","status":"publish","type":"page","link":"https:\/\/majoristanbul.com\/index.php\/orkestra\/","title":{"rendered":"Orkestra"},"content":{"rendered":"\n  \n    <section class=\"u-clearfix u-image u-section-1\" id=\"sec-78fe\" data-image-width=\"1920\" data-image-height=\"1097\" style=\"background-image: url(&quot;https:\/\/majoristanbul.com\/wp-content\/uploads\/2024\/08\/footer_image.jpg&quot;);\">\n      <div class=\"u-clearfix u-sheet u-valign-middle-lg u-valign-middle-md u-sheet-1\">\n        <h1 class=\"u-align-center u-text u-text-white u-text-1\">Orkestra<\/h1>\n        <p class=\"u-align-center u-text u-text-white u-text-2\">\n          <a href=\"http:\/\/majoristanbul.com\/index.php\/anasayfa\/\" class=\"u-active-none u-border-none u-btn u-button-link u-button-style u-hover-none u-none u-text-hover-custom-color-10 u-text-white u-btn-1\">Anasayfa<\/a> - <a href=\"http:\/\/majoristanbul.com\/index.php\/orkestra\/\" class=\"u-active-none u-border-none u-btn u-button-link u-button-style u-hover-none u-none u-text-hover-custom-color-10 u-text-white u-btn-2\">Orkestra<\/a>\n        <\/p>\n      <\/div>\n    <\/section>\n    <section class=\"u-border-1 u-border-grey-40 u-border-no-left u-border-no-right u-border-no-top u-clearfix u-custom-color-13 u-section-2\" id=\"sec-b128\">\n      <div class=\"u-clearfix u-sheet u-valign-middle-lg u-valign-middle-md u-valign-middle-xl u-sheet-1\">\n        <div class=\"data-layout-selected u-clearfix u-expanded-width-lg u-expanded-width-md u-expanded-width-sm u-expanded-width-xs u-layout-wrap u-layout-wrap-1\">\n          <div class=\"u-layout\">\n            <div class=\"u-layout-row\">\n              <div class=\"u-container-align-center u-container-style u-image u-layout-cell u-size-30 u-image-1\" data-image-width=\"828\" data-image-height=\"610\" style=\"background-image: url(&quot;https:\/\/majoristanbul.com\/wp-content\/uploads\/2024\/08\/orkestra-1.jpg&quot;);\">\n                <div class=\"u-container-layout u-container-layout-1\"><\/div>\n              <\/div>\n              <div class=\"u-container-style u-layout-cell u-size-30 u-layout-cell-2\">\n                <div class=\"u-container-layout u-valign-bottom-lg u-container-layout-2\">\n                  <h1 class=\"u-text u-text-1\"> Maj\u00f6r \u0130stanbul <span class=\"u-text-custom-color-10\">Orkestras\u0131<\/span>\n                  <\/h1><span class=\"u-file-icon u-icon u-text-white u-icon-1\"><img decoding=\"async\" src=\"https:\/\/majoristanbul.com\/wp-content\/uploads\/2024\/08\/74c8e331.png\" alt=\"\"><\/span>\n                  <p class=\"u-text u-text-2\"> 6 Ki\u015fiden 15 ki\u015fiye kadar geni\u015fleyebilen kadrosu ile\nKurumsal ve Ki\u015fisel M\u00fczik Organizasyonlar\u0131n\u0131zda, bayi\na\u00e7\u0131l\u0131\u015flar\u0131nda, fuar ve toplant\u0131lar\u0131n\u0131zda ,yeniy\u0131l partileri ,\nmezuniyet balolar\u0131nda, d\u00fc\u011f\u00fcn ve davet M\u00fczik\nOrganizasyonlar\u0131n\u0131zda 7\u2019den 77\u2019ye hitap edebilecek\nbir repertuvara sahip olan MAJ\u00d6R \u0130STANBUL\nORKESTRASI ile g\u00f6rkemli bir M\u00fczik Organizasyonu\nsizleri bekliyor<\/p>\n                  <a href=\"#sec-39cd\" class=\"u-border-1 u-border-hover-custom-color-10 u-border-white u-btn u-button-style u-dialog-link u-none u-text-hover-white u-btn-1\">Teklif Al\u200b&nbsp;<span class=\"u-file-icon u-icon u-text-white u-icon-2\"><img decoding=\"async\" src=\"https:\/\/majoristanbul.com\/wp-content\/uploads\/2024\/08\/1ca20afc.png\" alt=\"\"><\/span>\n                  <\/a>\n                <\/div>\n              <\/div>\n            <\/div>\n          <\/div>\n        <\/div>\n      <\/div>\n    <\/section>\n    \n    \n    \n    \n    \n    \n    \n    \n  \n","protected":false},"excerpt":{"rendered":"<p>Orkestra Anasayfa &#8211; Orkestra Maj\u00f6r \u0130stanbul Orkestras\u0131 6 Ki\u015fiden 15 ki\u015fiye kadar geni\u015fleyebilen kadrosu ile Kurumsal ve Ki\u015fisel M\u00fczik Organizasyonlar\u0131n\u0131zda, bayi a\u00e7\u0131l\u0131\u015flar\u0131nda, fuar ve toplant\u0131lar\u0131n\u0131zda ,yeniy\u0131l partileri , mezuniyet balolar\u0131nda, d\u00fc\u011f\u00fcn ve davet M\u00fczik Organizasyonlar\u0131n\u0131zda 7\u2019den 77\u2019ye hitap edebilecek bir repertuvara sahip olan MAJ\u00d6R \u0130STANBUL ORKESTRASI ile g\u00f6rkemli bir M\u00fczik Organizasyonu sizleri bekliyor Teklif Al\u200b&nbsp;<\/p>\n","protected":false},"author":1,"featured_media":0,"parent":0,"menu_order":9,"comment_status":"closed","ping_status":"closed","template":"","meta":{"footnotes":""},"class_list":["post-93","page","type-page","status-publish","hentry"],"_links":{"self":[{"href":"https:\/\/majoristanbul.com\/index.php\/wp-json\/wp\/v2\/pages\/93","targetHints":{"allow":["GET"]}}],"collection":[{"href":"https:\/\/majoristanbul.com\/index.php\/wp-json\/wp\/v2\/pages"}],"about":[{"href":"https:\/\/majoristanbul.com\/index.php\/wp-json\/wp\/v2\/types\/page"}],"author":[{"embeddable":true,"href":"https:\/\/majoristanbul.com\/index.php\/wp-json\/wp\/v2\/users\/1"}],"replies":[{"embeddable":true,"href":"https:\/\/majoristanbul.com\/index.php\/wp-json\/wp\/v2\/comments?post=93"}],"version-history":[{"count":1,"href":"https:\/\/majoristanbul.com\/index.php\/wp-json\/wp\/v2\/pages\/93\/revisions"}],"predecessor-version":[{"id":106,"href":"https:\/\/majoristanbul.com\/index.php\/wp-json\/wp\/v2\/pages\/93\/revisions\/106"}],"wp:attachment":[{"href":"https:\/\/majoristanbul.com\/index.php\/wp-json\/wp\/v2\/media?parent=93"}],"curies":[{"name":"wp","href":"https:\/\/api.w.org\/{rel}","templated":true}]}}