{"id":96,"date":"2024-08-07T20:21:56","date_gmt":"2024-08-07T17:21:56","guid":{"rendered":"http:\/\/majoristanbul.com\/index.php\/youtube-2\/"},"modified":"2024-08-07T20:22:00","modified_gmt":"2024-08-07T17:22:00","slug":"youtube-2","status":"publish","type":"page","link":"https:\/\/majoristanbul.com\/index.php\/youtube-2\/","title":{"rendered":"youtube"},"content":{"rendered":"\n  \n    <section class=\"u-clearfix u-custom-color-13 u-section-1\" id=\"sec-45d8\">\n      <div class=\"u-clearfix u-sheet u-sheet-1\">\n        <div class=\"custom-expanded u-border-1 u-border-grey-40 u-container-style u-group u-shape-rectangle u-group-1\">\n          <div class=\"u-container-layout u-container-layout-1\">\n            <img decoding=\"async\" class=\"u-image u-image-default u-image-1\" src=\"https:\/\/majoristanbul.com\/wp-content\/uploads\/2024\/08\/thumbail2.jpg\" alt=\"\" data-image-width=\"1920\" data-image-height=\"1097\">\n            <p class=\"u-text u-text-grey-15 u-text-1\">\u00c7alma Listesi<\/p>\n            <h1 class=\"u-text u-text-2\"> Major \u0130STANBUL Orkestras\u0131<\/h1>\n            <p class=\"u-text u-text-grey-25 u-text-3\"> Yeni \u00e7\u0131kan \u015fark\u0131lar\u0131n, akustik performanslar\u0131n ve video kliplerin yay\u0131nland\u0131\u011f\u0131 resmi Maj\u00f6r \u0130stanbul Orkestras\u0131 sayfas\u0131<\/p>\n            <img decoding=\"async\" class=\"u-image u-image-contain u-image-default u-image-2\" src=\"https:\/\/majoristanbul.com\/wp-content\/uploads\/2024\/08\/youtube-1.png\" alt=\"\" data-image-width=\"3316\" data-image-height=\"1026\" data-href=\"https:\/\/www.youtube.com\/@Majoristanbul\" data-target=\"_blank\">\n            <p class=\"u-text u-text-4\"> @Majoristanbul\u20271.37K subscribers<\/p><span class=\"u-file-icon u-icon u-text-white u-icon-1\" data-href=\"https:\/\/www.instagram.com\/majoristanbul\/\" data-target=\"_blank\"><img decoding=\"async\" src=\"https:\/\/majoristanbul.com\/wp-content\/uploads\/2024\/08\/9613a010.png\" alt=\"\"><\/span><span class=\"u-file-icon u-icon u-text-white u-icon-2\" data-href=\"https:\/\/music.apple.com\/tr\/artist\/g%C3%B6khan-yedier\/1518535016\" data-target=\"_blank\"><img decoding=\"async\" src=\"https:\/\/majoristanbul.com\/wp-content\/uploads\/2024\/08\/be27170d.png\" alt=\"\"><\/span><span class=\"u-file-icon u-icon u-text-white u-icon-3\" data-href=\"https:\/\/open.spotify.com\/intl-tr\/artist\/3xtnTTaM5iMeNZuj5pLd89?si=suu68jcnTpWwy4X5QtfJtg&amp;nd=1&amp;dlsi=83c94c097dd54723\" data-target=\"_blank\"><img decoding=\"async\" src=\"https:\/\/majoristanbul.com\/wp-content\/uploads\/2024\/08\/08d82091.png\" alt=\"\"><\/span>\n          <\/div>\n        <\/div>\n        <div class=\"u-border-1 u-border-grey-40 u-line u-line-horizontal u-line-1\"><\/div>\n        <div class=\"custom-expanded data-layout-selected u-clearfix u-gutter-40 u-layout-wrap u-layout-wrap-1\">\n          <div class=\"u-layout\">\n            <div class=\"u-layout-row\">\n              <div class=\"u-container-style u-layout-cell u-size-30 u-layout-cell-1\">\n                <div class=\"u-container-layout u-container-layout-2\">\n                  <div class=\"u-expanded-width u-video u-video-contain u-video-1\">\n                    <div class=\"embed-responsive embed-responsive-1\">\n                      <iframe style=\"position: absolute;top: 0;left: 0;width: 100%;height: 100%;\" class=\"embed-responsive-item\" src=\"https:\/\/www.youtube.com\/embed\/V_Zrs2x3Tqc?playlist=V_Zrs2x3Tqc&amp;loop=1&amp;mute=0&amp;showinfo=1&amp;controls=1&amp;start=0\" frameborder=\"0\" allowfullscreen=\"\"><\/iframe>\n                    <\/div>\n                  <\/div>\n                <\/div>\n              <\/div>\n              <div class=\"u-container-style u-layout-cell u-size-30 u-layout-cell-2\">\n                <div class=\"u-container-layout u-container-layout-3\">\n                  <div class=\"u-expanded-width u-video u-video-contain u-video-2\">\n                    <div class=\"embed-responsive embed-responsive-2\">\n                      <iframe style=\"position: absolute;top: 0;left: 0;width: 100%;height: 100%;\" class=\"embed-responsive-item\" src=\"https:\/\/www.youtube.com\/embed\/kHH75dyOyj4?playlist=kHH75dyOyj4&amp;loop=1&amp;mute=0&amp;showinfo=1&amp;controls=1&amp;start=0\" frameborder=\"0\" allowfullscreen=\"\"><\/iframe>\n                    <\/div>\n                  <\/div>\n                <\/div>\n              <\/div>\n            <\/div>\n          <\/div>\n        <\/div>\n        <div class=\"custom-expanded data-layout-selected u-clearfix u-gutter-40 u-layout-wrap u-layout-wrap-2\">\n          <div class=\"u-layout\">\n            <div class=\"u-layout-row\">\n              <div class=\"u-container-style u-layout-cell u-size-30 u-layout-cell-3\">\n                <div class=\"u-container-layout u-container-layout-4\">\n                  <div class=\"u-expanded-width u-video u-video-contain u-video-3\">\n                    <div class=\"embed-responsive embed-responsive-3\">\n                      <iframe style=\"position: absolute;top: 0;left: 0;width: 100%;height: 100%;\" class=\"embed-responsive-item\" src=\"https:\/\/www.youtube.com\/embed\/gGiNWN-dH9M?playlist=gGiNWN-dH9M&amp;loop=1&amp;mute=0&amp;showinfo=1&amp;controls=1&amp;start=0\" frameborder=\"0\" allowfullscreen=\"\"><\/iframe>\n                    <\/div>\n                  <\/div>\n                <\/div>\n              <\/div>\n              <div class=\"u-container-style u-layout-cell u-size-30 u-layout-cell-4\">\n                <div class=\"u-container-layout u-container-layout-5\">\n                  <div class=\"u-expanded-width u-video u-video-contain u-video-4\">\n                    <div class=\"embed-responsive embed-responsive-4\">\n                      <iframe style=\"position: absolute;top: 0;left: 0;width: 100%;height: 100%;\" class=\"embed-responsive-item\" src=\"https:\/\/www.youtube.com\/embed\/2wd2ybHAogs?playlist=2wd2ybHAogs&amp;loop=1&amp;mute=0&amp;showinfo=1&amp;controls=1&amp;start=0\" frameborder=\"0\" allowfullscreen=\"\"><\/iframe>\n                    <\/div>\n                  <\/div>\n                <\/div>\n              <\/div>\n            <\/div>\n          <\/div>\n        <\/div>\n        <div class=\"custom-expanded data-layout-selected u-clearfix u-gutter-40 u-layout-wrap u-layout-wrap-3\">\n          <div class=\"u-layout\">\n            <div class=\"u-layout-row\">\n              <div class=\"u-container-style u-layout-cell u-size-30 u-layout-cell-5\">\n                <div class=\"u-container-layout u-container-layout-6\">\n                  <div class=\"u-expanded-width u-video u-video-contain u-video-5\">\n                    <div class=\"embed-responsive embed-responsive-5\">\n                      <iframe style=\"position: absolute;top: 0;left: 0;width: 100%;height: 100%;\" class=\"embed-responsive-item\" src=\"https:\/\/www.youtube.com\/embed\/LB_SxFGSIdo?playlist=LB_SxFGSIdo&amp;loop=1&amp;mute=0&amp;showinfo=1&amp;controls=1&amp;start=0\" frameborder=\"0\" allowfullscreen=\"\"><\/iframe>\n                    <\/div>\n                  <\/div>\n                <\/div>\n              <\/div>\n              <div class=\"u-container-style u-layout-cell u-size-30 u-layout-cell-6\">\n                <div class=\"u-container-layout u-container-layout-7\">\n                  <div class=\"u-expanded-width u-video u-video-contain u-video-6\">\n                    <div class=\"embed-responsive embed-responsive-6\">\n                      <iframe style=\"position: absolute;top: 0;left: 0;width: 100%;height: 100%;\" class=\"embed-responsive-item\" src=\"https:\/\/www.youtube.com\/embed\/jVAshVkoMNk?playlist=jVAshVkoMNk&amp;loop=1&amp;mute=0&amp;showinfo=1&amp;controls=1&amp;start=0\" frameborder=\"0\" allowfullscreen=\"\"><\/iframe>\n                    <\/div>\n                  <\/div>\n                <\/div>\n              <\/div>\n            <\/div>\n          <\/div>\n        <\/div>\n        <div class=\"custom-expanded data-layout-selected u-clearfix u-gutter-40 u-layout-wrap u-layout-wrap-4\">\n          <div class=\"u-layout\">\n            <div class=\"u-layout-row\">\n              <div class=\"u-container-style u-layout-cell u-size-30 u-layout-cell-7\">\n                <div class=\"u-container-layout u-container-layout-8\">\n                  <div class=\"u-expanded-width u-video u-video-contain u-video-7\">\n                    <div class=\"embed-responsive embed-responsive-7\">\n                      <iframe style=\"position: absolute;top: 0;left: 0;width: 100%;height: 100%;\" class=\"embed-responsive-item\" src=\"https:\/\/www.youtube.com\/embed\/Om9AH2jfexI?playlist=Om9AH2jfexI&amp;loop=1&amp;mute=0&amp;showinfo=1&amp;controls=1&amp;start=0\" frameborder=\"0\" allowfullscreen=\"\"><\/iframe>\n                    <\/div>\n                  <\/div>\n                <\/div>\n              <\/div>\n              <div class=\"u-container-style u-layout-cell u-size-30 u-layout-cell-8\">\n                <div class=\"u-container-layout u-container-layout-9\">\n                  <div class=\"u-expanded-width u-video u-video-contain u-video-8\">\n                    <div class=\"embed-responsive embed-responsive-8\">\n                      <iframe style=\"position: absolute;top: 0;left: 0;width: 100%;height: 100%;\" class=\"embed-responsive-item\" src=\"https:\/\/www.youtube.com\/embed\/bjJ5cYB3Xds?playlist=bjJ5cYB3Xds&amp;loop=1&amp;mute=0&amp;showinfo=1&amp;controls=1&amp;start=0\" frameborder=\"0\" allowfullscreen=\"\"><\/iframe>\n                    <\/div>\n                  <\/div>\n                <\/div>\n              <\/div>\n            <\/div>\n          <\/div>\n        <\/div>\n      <\/div>\n    <\/section>\n    \n    \n    \n    \n    \n    \n    \n    \n  \n","protected":false},"excerpt":{"rendered":"<p>\u00c7alma Listesi Major \u0130STANBUL Orkestras\u0131 Yeni \u00e7\u0131kan \u015fark\u0131lar\u0131n, akustik performanslar\u0131n ve video kliplerin yay\u0131nland\u0131\u011f\u0131 resmi Maj\u00f6r \u0130stanbul Orkestras\u0131 sayfas\u0131 @Majoristanbul\u20271.37K subscribers<\/p>\n","protected":false},"author":1,"featured_media":0,"parent":0,"menu_order":12,"comment_status":"closed","ping_status":"closed","template":"","meta":{"footnotes":""},"class_list":["post-96","page","type-page","status-publish","hentry"],"_links":{"self":[{"href":"https:\/\/majoristanbul.com\/index.php\/wp-json\/wp\/v2\/pages\/96","targetHints":{"allow":["GET"]}}],"collection":[{"href":"https:\/\/majoristanbul.com\/index.php\/wp-json\/wp\/v2\/pages"}],"about":[{"href":"https:\/\/majoristanbul.com\/index.php\/wp-json\/wp\/v2\/types\/page"}],"author":[{"embeddable":true,"href":"https:\/\/majoristanbul.com\/index.php\/wp-json\/wp\/v2\/users\/1"}],"replies":[{"embeddable":true,"href":"https:\/\/majoristanbul.com\/index.php\/wp-json\/wp\/v2\/comments?post=96"}],"version-history":[{"count":1,"href":"https:\/\/majoristanbul.com\/index.php\/wp-json\/wp\/v2\/pages\/96\/revisions"}],"predecessor-version":[{"id":109,"href":"https:\/\/majoristanbul.com\/index.php\/wp-json\/wp\/v2\/pages\/96\/revisions\/109"}],"wp:attachment":[{"href":"https:\/\/majoristanbul.com\/index.php\/wp-json\/wp\/v2\/media?parent=96"}],"curies":[{"name":"wp","href":"https:\/\/api.w.org\/{rel}","templated":true}]}}